{"id":185,"date":"2015-07-26T21:49:32","date_gmt":"2015-07-26T19:49:32","guid":{"rendered":"http:\/\/partyservice-niesyt.de\/neueSeite\/?page_id=185"},"modified":"2026-04-17T17:08:22","modified_gmt":"2026-04-17T15:08:22","slug":"aktueller-speiseplan","status":"publish","type":"page","link":"https:\/\/partyservice-niesyt.de\/neueSeite\/aktueller-speiseplan\/","title":{"rendered":"aktueller Speiseplan"},"content":{"rendered":"<h2 style=\"text-align: center;\">f\u00fcr Frankfurt vom: 20.04.2026 bis 24.04.2026<\/h2>\n<p style=\"text-align: center;\">zum Mitnehmen und nat\u00fcrlich darf auch bei uns im Haus gegessen werden\u00a0<\/p>\n\n\n<figure class=\"wp-block-table\"><table><thead><tr><th>Wochentag<\/th><th class=\"has-text-align-center\" data-align=\"center\">Speise_1<\/th><th class=\"has-text-align-center\" data-align=\"center\">Preis_1<\/th><th class=\"has-text-align-center\" data-align=\"center\">Speise_2<\/th><th class=\"has-text-align-center\" data-align=\"center\">Preis_2<\/th><\/tr><\/thead><tbody><tr><td>Montag<\/td><td class=\"has-text-align-center\" data-align=\"center\">Spaghetti Bolognese mit Streuk\u00e4se        <sup>ZSt 1,2,4 Allg. 1,5<\/sup><\/td><td class=\"has-text-align-center\" data-align=\"center\">8,50 \u20ac<\/td><td class=\"has-text-align-center\" data-align=\"center\">Schweinekammbraten mit Kartoffeln und Rotkohl  <sup>ZSt 1,2,4 Allg. 1,5<\/sup><\/td><td class=\"has-text-align-center\" data-align=\"center\">8,50 \u20ac<\/td><\/tr><tr><td>Dienstag<\/td><td class=\"has-text-align-center\" data-align=\"center\">Linseneintopf mit Wurst oder Rippchen <sup>ZSt 1,2, Allg. 1,5<\/sup><\/td><td class=\"has-text-align-center\" data-align=\"center\">7,00 \u20ac<\/td><td class=\"has-text-align-center\" data-align=\"center\">S\u00fc\u00df saure Eier mit Kartoffeln und Krautsalat  <sup>ZSt 1,2 Allg. 1,5<\/sup><\/td><td class=\"has-text-align-center\" data-align=\"center\">7,00 \u20ac<\/td><\/tr><tr><td>Mittwoch<\/td><td class=\"has-text-align-center\" data-align=\"center\">Hackroulade gef\u00fcllt mit R\u00fchrei dazu Kartoffeln und Schwenkbohnen                     <sup>ZSt 1,2 Allg. 1,5<\/sup><\/td><td class=\"has-text-align-center\" data-align=\"center\">8,50 \u20ac<\/td><td class=\"has-text-align-center\" data-align=\"center\">Krautgulasch mit Kartoffeln und ein Dessert  <sup>ZSt 1,2 Allg. 1,5<\/sup><\/td><td class=\"has-text-align-center\" data-align=\"center\">8,50 \u20ac<\/td><\/tr><tr><td>Donnerstag<\/td><td class=\"has-text-align-center\" data-align=\"center\">Rotbarschfilet paniert dazu P\u00fcree und Pfannengem\u00fcse  <sup>ZSt 1,2 Allg. 1,5<\/sup><\/td><td class=\"has-text-align-center\" data-align=\"center\">8,50 \u20ac<\/td><td class=\"has-text-align-center\" data-align=\"center\">Frikassee mit Reis oder Kartoffeln dazu ein Dessert  <sup>ZSt 1,2 Allg. 1,5<\/sup><\/td><td class=\"has-text-align-center\" data-align=\"center\">8,50 \u20ac<\/td><\/tr><tr><td>Freitag<\/td><td class=\"has-text-align-center\" data-align=\"center\">Spanferkelbraten mit Kartoffeln und Sauerkraut  <sup>ZSt 1,2 Allg. 1,5<\/sup><\/td><td class=\"has-text-align-center\" data-align=\"center\">8,50 \u20ac<\/td><td class=\"has-text-align-center\" data-align=\"center\">Gefl\u00fcgelschaschlik mit P\u00fcree und Brokkoli  <sup>ZSt. 1,2 Allg. 5,9<\/sup><\/td><td class=\"has-text-align-center\" data-align=\"center\">8,50 \u20ac<\/td><\/tr><\/tbody><\/table><\/figure>\n\n\n\n<p><fieldset style=\"font-size:1em\"><legend>Legende<\/legend>1) = Hauptgericht | 2) = Hightlight\/Nebengericht | <span style=\"font-weight:400;font-family:'Fjalla One'\">(zuz\u00fcglich 0,30 \u20ac Verpackungskosten f\u00fcr Abholer)<\/span>, \u00c4nderungen des Speiseplans behalten wir uns vor.<br>\u00a0<br>Zusatzstoffverzeichnis (ZZ): 1. Konservierungsstoffe | 2. Geschmacksverst\u00e4rker | 3. mit Antioxidationsmittel | 4. mit Farbstoff | 5. mit S\u00fc\u00dfungsmittel | 6. koffeinhaltig | 7. chininhaltig | 8. geschw\u00e4rzt | 9. mit Phosphat | 10. enth\u00e4lt Phenylalaninquellen<br>\u00a0<br>Allergene (Alg.): 1. Eier, 2. Fisch, 3. Krebstiere, 4. Milch, 5. Sellerie, 6. Sesamsamen, 7. Schwefeldioxid und Sulphite, 8. Erdn\u00fcsse, 9. glutenhaltiges Getreide, 10. Lupine, 11. Schalentiere, 12. Senf, 13. Sojabohnen, 14. Weichtiere und daraus gewonnene Erzeugnisse<\/fieldset><br>&nbsp;<h5>T: 0335 5009935| E: ewaldniesyt0607@gmail.com | W: https:\/\/partyservice-niesyt.de<\/h5><\/p>\n","protected":false},"excerpt":{"rendered":"<p>f\u00fcr Frankfurt vom: 20.04.2026 bis 24.04.2026 zum Mitnehmen und nat\u00fcrlich darf auch bei uns im Haus gegessen werden\u00a0 Wochentag Speise_1 Preis_1 Speise_2 Preis_2 Montag Spaghetti Bolognese mit Streuk\u00e4se ZSt 1,2,4 Allg. 1,5 8,50 \u20ac Schweinekammbraten mit Kartoffeln und Rotkohl ZSt 1,2,4 Allg. 1,5 8,50 \u20ac Dienstag Linseneintopf mit Wurst oder Rippchen ZSt 1,2, Allg. 1,5 [&hellip;]<\/p>\n","protected":false},"author":1,"featured_media":0,"parent":0,"menu_order":0,"comment_status":"closed","ping_status":"closed","template":"","meta":{"footnotes":""},"class_list":["post-185","page","type-page","status-publish","czr-hentry"],"_links":{"self":[{"href":"https:\/\/partyservice-niesyt.de\/neueSeite\/wp-json\/wp\/v2\/pages\/185","targetHints":{"allow":["GET"]}}],"collection":[{"href":"https:\/\/partyservice-niesyt.de\/neueSeite\/wp-json\/wp\/v2\/pages"}],"about":[{"href":"https:\/\/partyservice-niesyt.de\/neueSeite\/wp-json\/wp\/v2\/types\/page"}],"author":[{"embeddable":true,"href":"https:\/\/partyservice-niesyt.de\/neueSeite\/wp-json\/wp\/v2\/users\/1"}],"replies":[{"embeddable":true,"href":"https:\/\/partyservice-niesyt.de\/neueSeite\/wp-json\/wp\/v2\/comments?post=185"}],"version-history":[{"count":920,"href":"https:\/\/partyservice-niesyt.de\/neueSeite\/wp-json\/wp\/v2\/pages\/185\/revisions"}],"predecessor-version":[{"id":4751,"href":"https:\/\/partyservice-niesyt.de\/neueSeite\/wp-json\/wp\/v2\/pages\/185\/revisions\/4751"}],"wp:attachment":[{"href":"https:\/\/partyservice-niesyt.de\/neueSeite\/wp-json\/wp\/v2\/media?parent=185"}],"curies":[{"name":"wp","href":"https:\/\/api.w.org\/{rel}","templated":true}]}}