{"id":191,"date":"2015-07-26T22:42:41","date_gmt":"2015-07-26T20:42:41","guid":{"rendered":"http:\/\/partyservice-niesyt.de\/neueSeite\/?page_id=191"},"modified":"2026-01-05T21:43:10","modified_gmt":"2026-01-05T20:43:10","slug":"lieferbedingungen","status":"publish","type":"page","link":"https:\/\/partyservice-niesyt.de\/neueSeite\/lieferbedingungen\/","title":{"rendered":"Lieferung"},"content":{"rendered":"<div class=\"wichtigerHinweis\">Wir liefern im Raum Frankfurt (Oder) bis 100 km.<\/div>\n<h3>Lieferkosten<\/h3>\n<ul>\n<li>innerhalb Frankfurt (Oder) pauschal: 40,00 \u20ac<\/li>\n<li>au\u00dferhalb Frankfurt (Oder): 1,00 \u20ac pro km<\/li>\n<\/ul>\n<p>berechnet (\u00c4nderungen vorbehalten).<\/p>\n<h3>sonstige Kosten<\/h3>\n<ul>\n<li>Sonn- und Feiertagszuschlag: 100,00 \u20ac zzgl. Liefergeb\u00fchr.<\/li>\n<li>Mindestbestellwert an Sonn- und Feiertagen: 400,00 \u20ac<\/li>\n<\/ul>\n<p>(\u00c4nderungen vorbehalten).<br \/>\nAlle Preise brutto inkl. MwSt. Stand 2025.<\/p>\n<h3>Bitte beachten Sie,<\/h3>\n<ul>\n<li>Einschulungen und Jugendweihen, mindestens 6 Monate vorher bestellen.<\/li>\n<li>Silvester: wir nehmen jederzeit Bestellungen entgegen, k\u00f6nnen jedoch auf Grund der Anzahl der Bestellungen nicht liefern. Diese Bestellungen m\u00fcssen bei uns im Gesch\u00e4ft abgeholt werden.<\/li>\n<\/ul>\n<p>Vielen Dank f\u00fcr Ihr Verst\u00e4ndnis.<\/p>\n","protected":false},"excerpt":{"rendered":"<p>Wir liefern im Raum Frankfurt (Oder) bis 100 km. Lieferkosten innerhalb Frankfurt (Oder) pauschal: 40,00 \u20ac au\u00dferhalb Frankfurt (Oder): 1,00 \u20ac pro km berechnet (\u00c4nderungen vorbehalten). sonstige Kosten Sonn- und Feiertagszuschlag: 100,00 \u20ac zzgl. Liefergeb\u00fchr. Mindestbestellwert an Sonn- und Feiertagen: 400,00 \u20ac (\u00c4nderungen vorbehalten). Alle Preise brutto inkl. MwSt. Stand 2025. Bitte beachten Sie, Einschulungen [&hellip;]<\/p>\n","protected":false},"author":1,"featured_media":0,"parent":0,"menu_order":0,"comment_status":"closed","ping_status":"closed","template":"","meta":{"footnotes":""},"class_list":["post-191","page","type-page","status-publish","czr-hentry"],"_links":{"self":[{"href":"https:\/\/partyservice-niesyt.de\/neueSeite\/wp-json\/wp\/v2\/pages\/191","targetHints":{"allow":["GET"]}}],"collection":[{"href":"https:\/\/partyservice-niesyt.de\/neueSeite\/wp-json\/wp\/v2\/pages"}],"about":[{"href":"https:\/\/partyservice-niesyt.de\/neueSeite\/wp-json\/wp\/v2\/types\/page"}],"author":[{"embeddable":true,"href":"https:\/\/partyservice-niesyt.de\/neueSeite\/wp-json\/wp\/v2\/users\/1"}],"replies":[{"embeddable":true,"href":"https:\/\/partyservice-niesyt.de\/neueSeite\/wp-json\/wp\/v2\/comments?post=191"}],"version-history":[{"count":13,"href":"https:\/\/partyservice-niesyt.de\/neueSeite\/wp-json\/wp\/v2\/pages\/191\/revisions"}],"predecessor-version":[{"id":4688,"href":"https:\/\/partyservice-niesyt.de\/neueSeite\/wp-json\/wp\/v2\/pages\/191\/revisions\/4688"}],"wp:attachment":[{"href":"https:\/\/partyservice-niesyt.de\/neueSeite\/wp-json\/wp\/v2\/media?parent=191"}],"curies":[{"name":"wp","href":"https:\/\/api.w.org\/{rel}","templated":true}]}}