{"id":2950,"date":"2020-07-28T09:56:39","date_gmt":"2020-07-28T07:56:39","guid":{"rendered":"http:\/\/partyservice-niesyt.de\/neueSeite\/?page_id=2950"},"modified":"2026-01-05T22:14:05","modified_gmt":"2026-01-05T21:14:05","slug":"jobs","status":"publish","type":"page","link":"https:\/\/partyservice-niesyt.de\/neueSeite\/jobs\/","title":{"rendered":"Jobs"},"content":{"rendered":"<div class=\"wichtigerHinweis\">Wir suchen motivierte &#038; teamf\u00e4hige Verst\u00e4rkung f\u00fcr unser Team<\/div>\n<div id=\"attachment_2951\" style=\"width: 310px\" class=\"wp-caption alignright\"><a href=\"https:\/\/partyservice-niesyt.de\/neueSeite\/wp-content\/uploads\/2020\/07\/DJSZ_0484_Mitarbeitersuche_MitarbeiterGesucht_DD.jpg\"><img loading=\"lazy\" decoding=\"async\" aria-describedby=\"caption-attachment-2951\" src=\"https:\/\/partyservice-niesyt.de\/neueSeite\/wp-content\/uploads\/2020\/07\/DJSZ_0484_Mitarbeitersuche_MitarbeiterGesucht_DD-300x276.jpg\" alt=\"Wir suchen motivierte &amp; teamf\u00e4hige Verst\u00e4rkung f\u00fcr unser Team\" width=\"300\" height=\"276\" class=\"size-medium wp-image-2951\" srcset=\"https:\/\/partyservice-niesyt.de\/neueSeite\/wp-content\/uploads\/2020\/07\/DJSZ_0484_Mitarbeitersuche_MitarbeiterGesucht_DD-300x276.jpg 300w, https:\/\/partyservice-niesyt.de\/neueSeite\/wp-content\/uploads\/2020\/07\/DJSZ_0484_Mitarbeitersuche_MitarbeiterGesucht_DD-768x707.jpg 768w, https:\/\/partyservice-niesyt.de\/neueSeite\/wp-content\/uploads\/2020\/07\/DJSZ_0484_Mitarbeitersuche_MitarbeiterGesucht_DD.jpg 1024w\" sizes=\"auto, (max-width: 300px) 100vw, 300px\" \/><\/a><p id=\"caption-attachment-2951\" class=\"wp-caption-text\">Achten Sie auf diesen Hinweis an unseren Fahrzeugen.<\/p><\/div>\n<h3>Sie&#8230;<\/h3>\n<ul>\n<li>sind motiviert &#038; teamf\u00e4hig,<\/li>\n<li>interessiert &#038; flexibel,<\/li>\n<li>m\u00fcssen nicht unbedingt vom Fach sein, aber sollten Erfahrungen im Umgang mit Lebensmitteln mitbringen,<\/li>\n<li>und k\u00f6nnen in Markendorf t\u00e4tig sein!?<\/li>\n<\/ul>\n<h3>Dann bieten Wir Ihnen&#8230;<\/h3>\n<ul>\n<li>eine faire Bezahlung,<\/li>\n<li>faire Arbeitszeiten (Voll- und\/oder Teilzeit),<\/li>\n<li>ein erfahrenes Team von dem Sie sehr viel Lernen k\u00f6nnen,<\/li>\n<li>kurz und knapp, einfach einen guten Job!<\/li>\n<\/ul>\n<p>Sie sind der Meinung, dass diese Beschreibung auf Sie zutrifft, <a href=\"https:\/\/partyservice-niesyt.de\/neueSeite\/kontakt\/\">dann melden Sie sich bei uns!<\/a><\/p>\n","protected":false},"excerpt":{"rendered":"<p>Wir suchen motivierte &#038; teamf\u00e4hige Verst\u00e4rkung f\u00fcr unser Team Sie&#8230; sind motiviert &#038; teamf\u00e4hig, interessiert &#038; flexibel, m\u00fcssen nicht unbedingt vom Fach sein, aber sollten Erfahrungen im Umgang mit Lebensmitteln mitbringen, und k\u00f6nnen in Markendorf t\u00e4tig sein!? Dann bieten Wir Ihnen&#8230; eine faire Bezahlung, faire Arbeitszeiten (Voll- und\/oder Teilzeit), ein erfahrenes Team von dem Sie [&hellip;]<\/p>\n","protected":false},"author":1,"featured_media":0,"parent":0,"menu_order":0,"comment_status":"closed","ping_status":"closed","template":"","meta":{"footnotes":""},"class_list":["post-2950","page","type-page","status-publish","czr-hentry"],"_links":{"self":[{"href":"https:\/\/partyservice-niesyt.de\/neueSeite\/wp-json\/wp\/v2\/pages\/2950","targetHints":{"allow":["GET"]}}],"collection":[{"href":"https:\/\/partyservice-niesyt.de\/neueSeite\/wp-json\/wp\/v2\/pages"}],"about":[{"href":"https:\/\/partyservice-niesyt.de\/neueSeite\/wp-json\/wp\/v2\/types\/page"}],"author":[{"embeddable":true,"href":"https:\/\/partyservice-niesyt.de\/neueSeite\/wp-json\/wp\/v2\/users\/1"}],"replies":[{"embeddable":true,"href":"https:\/\/partyservice-niesyt.de\/neueSeite\/wp-json\/wp\/v2\/comments?post=2950"}],"version-history":[{"count":11,"href":"https:\/\/partyservice-niesyt.de\/neueSeite\/wp-json\/wp\/v2\/pages\/2950\/revisions"}],"predecessor-version":[{"id":4529,"href":"https:\/\/partyservice-niesyt.de\/neueSeite\/wp-json\/wp\/v2\/pages\/2950\/revisions\/4529"}],"wp:attachment":[{"href":"https:\/\/partyservice-niesyt.de\/neueSeite\/wp-json\/wp\/v2\/media?parent=2950"}],"curies":[{"name":"wp","href":"https:\/\/api.w.org\/{rel}","templated":true}]}}