{"id":39,"date":"2015-07-23T00:00:39","date_gmt":"2015-07-22T22:00:39","guid":{"rendered":"http:\/\/partyservice-niesyt.de\/neueSeite\/?page_id=39"},"modified":"2026-01-05T22:20:40","modified_gmt":"2026-01-05T21:20:40","slug":"oeffnungszeiten","status":"publish","type":"page","link":"https:\/\/partyservice-niesyt.de\/neueSeite\/oeffnungszeiten\/","title":{"rendered":"Service &#038; -\u00d6ffnungszeiten"},"content":{"rendered":"<h2 style=\"text-align: left;\">\u00d6ffnungszeiten (Gesch\u00e4ft):<\/h2>\n<div style=\"float: left; width: 100%;\">\n<p style=\"font-size: 1.5em; text-align: left;\"><strong>Montag \u2013 Freitag: 7:00 \u2013 14:00 Uhr<\/strong><\/p>\n<p style=\"text-align: left;\"><span style=\"color: red;\">bestellen Sie Ihre Ware bitte vorab per Telefon<br \/>\n<\/span><span style=\"color: red;\">0335 5009935<\/span><\/p>\n<p style=\"text-align: left;\">Samstags und an allen anderen Tagen ist Catering.<br \/>\nHotline von 8:00 \u2013 18:00 Uhr: 0173 6093634<\/p>\n<h3><\/h3>\n<h3 class=\"wichtigerHinweis\" style=\"text-align: left;\">Mit unserem Partyservice sind wir auch au\u00dferhalb unserer \u00d6ffnungszeiten von Montag bis Sonntag f\u00fcr Sie da!<\/h3>\n<h3 class=\"wichtigerHinweis\" style=\"text-align: left;\">Vereinbaren Sie mit uns einfach einen Termin. Wir liefern zu Ihnen nach Haus, in die Firma oder den Verein.<\/h3>\n<p>&nbsp;<\/p>\n<p style=\"text-align: left;\">\n<h2>Bestellablauf<\/h2>\n<p><img decoding=\"async\" src=\"https:\/\/partyservice-niesyt.de\/neueSeite\/wp-content\/uploads\/2023\/07\/Bestellablauf_Schild_Web.jpg\" alt=\"Unser Bestellablauf\" \/><br \/>\u00a0<br \/>Im Sinne der Nachhaltigkeit und f\u00fcr weniger Verschwendung, haben wir uns entschlossen die vorr\u00e4tigen Produkte zu reduzieren. Trotzdem erhalten Sie von uns immer frische Waren, die Sie einfach genie\u00dfen k\u00f6nnen. Bitte folgen Sie unserem einfachen Leitplan.<br \/>\u00a0<\/p>\n<h2><\/h2>\n<h2>Kontakt<\/h2>\n<p>T\/F: 0335 5009935<br \/>\nIm Technologiepark 33<br \/>\n15236 Frankfurt (Oder)<br \/>\nDeutschland<\/p>\n<p>E: ewaldniesyt0607@gmail.com<br \/>\nW: https:\/\/partyservice-niesyt.de<\/p>\n<p>&nbsp;<\/p>\n<\/div>\n<h2>So finden Sie uns<\/h2>\n<p><iframe loading=\"lazy\" style=\"border: 0;\" src=\"https:\/\/www.google.com\/maps\/embed?pb=!1m14!1m8!1m3!1d2439.0039953184532!2d14.49408!3d52.31593!3m2!1i1024!2i768!4f13.1!3m3!1m2!1s0x47079784981d4fe3%3A0x235be59bdc1cede2!2sIm%20Technologiepark%2033%2C%2015236%20Frankfurt%20(Oder)!5e0!3m2!1sde!2sde!4v1690283622213!5m2!1sde!2sde\" width=\"600\" height=\"450\" allowfullscreen=\"allowfullscreen\"><\/iframe><br \/>\n<small><a style=\"color: #0000ff; text-align: left;\" href=\"https:\/\/www.google.de\/maps\/place\/Im+Technologiepark+33\/@52.31593,14.49408,17z\/data=!4m3!3m2!1s0x47079784981d4fe3:0x235be59bdc1cede2!4b1?hl=de\">Gr\u00f6\u00dfere Kartenansicht<\/a><\/small><\/p>\n<div style=\"clear: both;\">Genaue Lieferzeiten und W\u00fcnsche k\u00f6nnen Sie mit uns bei Ihrer Bestellung besprechen. Bitte beachten Sie auch unsere\u00a0<a href=\"https:\/\/partyservice-niesyt.de\/neueSeite\/lieferbedingungen\/\">Lieferbedingungen<\/a>.Vielen Dank.<\/div>\n","protected":false},"excerpt":{"rendered":"<p>\u00d6ffnungszeiten (Gesch\u00e4ft): Montag \u2013 Freitag: 7:00 \u2013 14:00 Uhr bestellen Sie Ihre Ware bitte vorab per Telefon 0335 5009935 Samstags und an allen anderen Tagen ist Catering. Hotline von 8:00 \u2013 18:00 Uhr: 0173 6093634 Mit unserem Partyservice sind wir auch au\u00dferhalb unserer \u00d6ffnungszeiten von Montag bis Sonntag f\u00fcr Sie da! Vereinbaren Sie mit uns [&hellip;]<\/p>\n","protected":false},"author":1,"featured_media":0,"parent":0,"menu_order":0,"comment_status":"closed","ping_status":"closed","template":"","meta":{"footnotes":""},"class_list":["post-39","page","type-page","status-publish","czr-hentry"],"_links":{"self":[{"href":"https:\/\/partyservice-niesyt.de\/neueSeite\/wp-json\/wp\/v2\/pages\/39","targetHints":{"allow":["GET"]}}],"collection":[{"href":"https:\/\/partyservice-niesyt.de\/neueSeite\/wp-json\/wp\/v2\/pages"}],"about":[{"href":"https:\/\/partyservice-niesyt.de\/neueSeite\/wp-json\/wp\/v2\/types\/page"}],"author":[{"embeddable":true,"href":"https:\/\/partyservice-niesyt.de\/neueSeite\/wp-json\/wp\/v2\/users\/1"}],"replies":[{"embeddable":true,"href":"https:\/\/partyservice-niesyt.de\/neueSeite\/wp-json\/wp\/v2\/comments?post=39"}],"version-history":[{"count":60,"href":"https:\/\/partyservice-niesyt.de\/neueSeite\/wp-json\/wp\/v2\/pages\/39\/revisions"}],"predecessor-version":[{"id":4700,"href":"https:\/\/partyservice-niesyt.de\/neueSeite\/wp-json\/wp\/v2\/pages\/39\/revisions\/4700"}],"wp:attachment":[{"href":"https:\/\/partyservice-niesyt.de\/neueSeite\/wp-json\/wp\/v2\/media?parent=39"}],"curies":[{"name":"wp","href":"https:\/\/api.w.org\/{rel}","templated":true}]}}